{"id":13664,"date":"2026-04-24T05:52:37","date_gmt":"2026-04-24T05:52:37","guid":{"rendered":"https:\/\/unilifess.shop\/?post_type=product&#038;p=13664"},"modified":"2026-04-24T06:39:16","modified_gmt":"2026-04-24T06:39:16","slug":"bsmoom-7000a-arrancador-de-bateria-de-coche-con-linterna-led-gran-pantalla-lcd-pack-de-arrancador-de-bateria-de-coche-de-emergencia-12-v-caja-de-arranque-cargador-portatil-bateria-externa","status":"publish","type":"product","link":"https:\/\/unilifess.shop\/es\/producto\/bsmoom-7000a-arrancador-de-bateria-de-coche-con-linterna-led-gran-pantalla-lcd-pack-de-arrancador-de-bateria-de-coche-de-emergencia-12-v-caja-de-arranque-cargador-portatil-bateria-externa\/","title":{"rendered":"BSMOOM 7000A arrancador de bater\u00eda de coche, con linterna LED, gran pantalla LCD, pack de arrancador de bater\u00eda de coche de emergencia 12 V, caja de arranque, cargador port\u00e1til, bater\u00eda externa"},"content":{"rendered":"<p><div style=\"width: 640px;\" class=\"wp-video\"><video class=\"wp-video-shortcode\" id=\"video-13664-1\" width=\"640\" height=\"360\" preload=\"metadata\" controls=\"controls\"><source type=\"video\/mp4\" src=\"https:\/\/teal-lobster-750471.hostingersite.com\/wp-content\/uploads\/2026\/03\/video_2026-03-30_10-29-26.mp4?_=1\" \/><a href=\"https:\/\/teal-lobster-750471.hostingersite.com\/wp-content\/uploads\/2026\/03\/video_2026-03-30_10-29-26.mp4\">https:\/\/teal-lobster-750471.hostingersite.com\/wp-content\/uploads\/2026\/03\/video_2026-03-30_10-29-26.mp4<\/a><\/video><\/div><br \/>\n    # Features &#038; Specs<br \/>\n    Battery Type<br \/>\n    Lithium Polymer<br \/>\n    <strong>Voltage<\/strong><br \/>\n    <strong>12<\/strong><br \/>\n    <strong>Compatible with Vehicle Type<\/strong><br \/>\n    <strong>ATV<\/strong><br \/>\n    <strong>Battery Capacity<\/strong><br \/>\n    <strong>26800 Milliamp Hours<\/strong><br \/>\n    <strong>Amperage<\/strong><br \/>\n    <strong>7000 Amps<\/strong><br \/>\n    <strong>Peak Output Current<\/strong><br \/>\n    <strong>7000 Amps<\/strong><\/p>\n<style>\n.product-table {\n  width: 100%;\n  border-top: 1px solid #000;\n  font-family: Arial, sans-serif;\n}\n.product-row {\n  display: flex;\n  border-bottom: 1px solid #000;\n  padding: 12px 0;\n}\n.product-label {\n  flex: 1;\n  font-weight: bold;\n  min-width: 200px;\n  padding-right: 20px;\n}\n.product-value {\n  flex: 1;\n  min-width: 200px;\n}\n<\/style>\n<figure><img loading=\"lazy\" decoding=\"async\" width=\"1600\" height=\"1600\" src=\"https:\/\/teal-lobster-750471.hostingersite.com\/wp-content\/uploads\/2026\/03\/Sfb595fc3bdf247459678380c650cc466e.avif\" alt=\"\" \/><\/figure>\n<h3>Pantalla LCD en Tiempo Real y Luz de Emergencia de Alta Luminosidad<\/h3>\n<p>El arrancador cuenta con una pantalla LCD de 3.3 pulgadas que muestra informaci\u00f3n clave en tiempo real: nivel de bater\u00eda, estado de conexi\u00f3n y alertas de error. Adem\u00e1s, incorpora una linterna LED de 400 l\u00famenes con 3 modos de iluminaci\u00f3n: linterna est\u00e1ndar, SOS de emergencia y estrobosc\u00f3pica. Puede funcionar de forma continua hasta 72 horas, ideal para emergencias nocturnas, aver\u00edas en carretera o actividades al aire libre. <\/p>\n<figure><img loading=\"lazy\" decoding=\"async\" width=\"1600\" height=\"1600\" src=\"https:\/\/teal-lobster-750471.hostingersite.com\/wp-content\/uploads\/2026\/03\/S21504eb5f1f342a49c83cf4f6e9128a6q.avif\" alt=\"\" \/><\/figure>\n<h3>Potencia Extrema para Motores de Gran Tama\u00f1o<\/h3>\n<p>Con una corriente m\u00e1xima de 7000A, el BSMOOM 7000A es capaz de arrancar motores de gasolina de hasta 10.0 litros y di\u00e9sel de hasta 8.0 litros con una sola carga. Ya sea que conduzcas un SUV, una camioneta, un veh\u00edculo comercial o incluso un todoterreno (ATV), este arrancador port\u00e1til est\u00e1 dise\u00f1ado para sacarte de cualquier apuro, incluso cuando la bater\u00eda est\u00e1 completamente descargada o en climas extremos. <\/p>\n<figure><img loading=\"lazy\" decoding=\"async\" width=\"1600\" height=\"1600\" src=\"https:\/\/teal-lobster-750471.hostingersite.com\/wp-content\/uploads\/2026\/03\/S8955c64d84e74694b2dedf0ecb2ebb63e-1.avif\" alt=\"\" \/><\/figure>\n<h3>Seguridad Absoluta con 8 Protecciones Avanzadas<\/h3>\n<p>La seguridad es lo primero. El BSMOOM 7000A incorpora 8 sistemas de protecci\u00f3n integrados, que incluyen protecci\u00f3n contra sobrecarga, cortocircuitos, inversi\u00f3n de polaridad, sobrecalentamiento y sobrecorriente. Incluso si conectas las pinzas al rev\u00e9s, el dispositivo te alertar\u00e1 sin causar chispas ni da\u00f1os, garantizando una operaci\u00f3n completamente segura para cualquier usuario, incluso sin experiencia mec\u00e1nica. <\/p>\n<p>\t\t\t\t\t\t\t\t\t\t\t\t\t\t\t<img loading=\"lazy\" decoding=\"async\" width=\"1464\" height=\"600\" src=\"https:\/\/teal-lobster-750471.hostingersite.com\/wp-content\/uploads\/2026\/03\/9e352c57-76f5-4f91-af66-87cc14ce7310.__CR001464600_PT0_SX1464_V1___.jpg\" alt=\"\" srcset=\"https:\/\/teal-lobster-750471.hostingersite.com\/wp-content\/uploads\/2026\/03\/9e352c57-76f5-4f91-af66-87cc14ce7310.__CR001464600_PT0_SX1464_V1___.jpg 1464w, https:\/\/teal-lobster-750471.hostingersite.com\/wp-content\/uploads\/2026\/03\/9e352c57-76f5-4f91-af66-87cc14ce7310.__CR001464600_PT0_SX1464_V1___-300x123.jpg 300w, https:\/\/teal-lobster-750471.hostingersite.com\/wp-content\/uploads\/2026\/03\/9e352c57-76f5-4f91-af66-87cc14ce7310.__CR001464600_PT0_SX1464_V1___-1024x420.jpg 1024w, https:\/\/teal-lobster-750471.hostingersite.com\/wp-content\/uploads\/2026\/03\/9e352c57-76f5-4f91-af66-87cc14ce7310.__CR001464600_PT0_SX1464_V1___-768x315.jpg 768w, https:\/\/teal-lobster-750471.hostingersite.com\/wp-content\/uploads\/2026\/03\/9e352c57-76f5-4f91-af66-87cc14ce7310.__CR001464600_PT0_SX1464_V1___-18x7.jpg 18w, https:\/\/teal-lobster-750471.hostingersite.com\/wp-content\/uploads\/2026\/03\/9e352c57-76f5-4f91-af66-87cc14ce7310.__CR001464600_PT0_SX1464_V1___-600x246.jpg 600w, https:\/\/teal-lobster-750471.hostingersite.com\/wp-content\/uploads\/2026\/03\/9e352c57-76f5-4f91-af66-87cc14ce7310.__CR001464600_PT0_SX1464_V1___-1x1.jpg 1w, https:\/\/teal-lobster-750471.hostingersite.com\/wp-content\/uploads\/2026\/03\/9e352c57-76f5-4f91-af66-87cc14ce7310.__CR001464600_PT0_SX1464_V1___-10x4.jpg 10w\" sizes=\"auto, (max-width: 1464px) 100vw, 1464px\" \/><br \/>\n\t\t\t\t\t\t\t\t\t\t\t\t\t\t\t<img loading=\"lazy\" decoding=\"async\" width=\"1464\" height=\"600\" src=\"https:\/\/teal-lobster-750471.hostingersite.com\/wp-content\/uploads\/2026\/03\/dae11761-5327-4f3c-a875-871f9ce8dc52.__CR001464600_PT0_SX1464_V1___.jpg\" alt=\"\" srcset=\"https:\/\/teal-lobster-750471.hostingersite.com\/wp-content\/uploads\/2026\/03\/dae11761-5327-4f3c-a875-871f9ce8dc52.__CR001464600_PT0_SX1464_V1___.jpg 1464w, https:\/\/teal-lobster-750471.hostingersite.com\/wp-content\/uploads\/2026\/03\/dae11761-5327-4f3c-a875-871f9ce8dc52.__CR001464600_PT0_SX1464_V1___-300x123.jpg 300w, https:\/\/teal-lobster-750471.hostingersite.com\/wp-content\/uploads\/2026\/03\/dae11761-5327-4f3c-a875-871f9ce8dc52.__CR001464600_PT0_SX1464_V1___-1024x420.jpg 1024w, https:\/\/teal-lobster-750471.hostingersite.com\/wp-content\/uploads\/2026\/03\/dae11761-5327-4f3c-a875-871f9ce8dc52.__CR001464600_PT0_SX1464_V1___-768x315.jpg 768w, https:\/\/teal-lobster-750471.hostingersite.com\/wp-content\/uploads\/2026\/03\/dae11761-5327-4f3c-a875-871f9ce8dc52.__CR001464600_PT0_SX1464_V1___-18x7.jpg 18w, https:\/\/teal-lobster-750471.hostingersite.com\/wp-content\/uploads\/2026\/03\/dae11761-5327-4f3c-a875-871f9ce8dc52.__CR001464600_PT0_SX1464_V1___-600x246.jpg 600w, https:\/\/teal-lobster-750471.hostingersite.com\/wp-content\/uploads\/2026\/03\/dae11761-5327-4f3c-a875-871f9ce8dc52.__CR001464600_PT0_SX1464_V1___-1x1.jpg 1w, https:\/\/teal-lobster-750471.hostingersite.com\/wp-content\/uploads\/2026\/03\/dae11761-5327-4f3c-a875-871f9ce8dc52.__CR001464600_PT0_SX1464_V1___-10x4.jpg 10w\" sizes=\"auto, (max-width: 1464px) 100vw, 1464px\" \/><br \/>\n\t\t\t\t\t\t\t\t\t\t\t\t\t\t\t<img loading=\"lazy\" decoding=\"async\" width=\"1600\" height=\"1600\" src=\"https:\/\/teal-lobster-750471.hostingersite.com\/wp-content\/uploads\/2026\/03\/S1abf647f791242b3801cff294067c19cY-1.avif\" alt=\"\" srcset=\"https:\/\/teal-lobster-750471.hostingersite.com\/wp-content\/uploads\/2026\/03\/S1abf647f791242b3801cff294067c19cY-1.avif 1600w, https:\/\/teal-lobster-750471.hostingersite.com\/wp-content\/uploads\/2026\/03\/S1abf647f791242b3801cff294067c19cY-1-300x300.avif 300w, https:\/\/teal-lobster-750471.hostingersite.com\/wp-content\/uploads\/2026\/03\/S1abf647f791242b3801cff294067c19cY-1-1024x1024.avif 1024w, https:\/\/teal-lobster-750471.hostingersite.com\/wp-content\/uploads\/2026\/03\/S1abf647f791242b3801cff294067c19cY-1-150x150.avif 150w, https:\/\/teal-lobster-750471.hostingersite.com\/wp-content\/uploads\/2026\/03\/S1abf647f791242b3801cff294067c19cY-1-768x768.avif 768w, https:\/\/teal-lobster-750471.hostingersite.com\/wp-content\/uploads\/2026\/03\/S1abf647f791242b3801cff294067c19cY-1-1536x1536.avif 1536w, https:\/\/teal-lobster-750471.hostingersite.com\/wp-content\/uploads\/2026\/03\/S1abf647f791242b3801cff294067c19cY-1-12x12.avif 12w, https:\/\/teal-lobster-750471.hostingersite.com\/wp-content\/uploads\/2026\/03\/S1abf647f791242b3801cff294067c19cY-1-600x600.avif 600w, https:\/\/teal-lobster-750471.hostingersite.com\/wp-content\/uploads\/2026\/03\/S1abf647f791242b3801cff294067c19cY-1-100x100.avif 100w, https:\/\/teal-lobster-750471.hostingersite.com\/wp-content\/uploads\/2026\/03\/S1abf647f791242b3801cff294067c19cY-1-50x50.avif 50w, https:\/\/teal-lobster-750471.hostingersite.com\/wp-content\/uploads\/2026\/03\/S1abf647f791242b3801cff294067c19cY-1-1x1.avif 1w, https:\/\/teal-lobster-750471.hostingersite.com\/wp-content\/uploads\/2026\/03\/S1abf647f791242b3801cff294067c19cY-1-10x10.avif 10w\" sizes=\"auto, (max-width: 1600px) 100vw, 1600px\" \/><br \/>\n\t\t\t\t\t\t\t\t\t\t\t\t\t\t\t<img loading=\"lazy\" decoding=\"async\" width=\"1600\" height=\"1600\" src=\"https:\/\/teal-lobster-750471.hostingersite.com\/wp-content\/uploads\/2026\/03\/S2351114e01954e1ba8571f15f26fa402Q.avif\" alt=\"\" srcset=\"https:\/\/teal-lobster-750471.hostingersite.com\/wp-content\/uploads\/2026\/03\/S2351114e01954e1ba8571f15f26fa402Q.avif 1600w, https:\/\/teal-lobster-750471.hostingersite.com\/wp-content\/uploads\/2026\/03\/S2351114e01954e1ba8571f15f26fa402Q-300x300.avif 300w, https:\/\/teal-lobster-750471.hostingersite.com\/wp-content\/uploads\/2026\/03\/S2351114e01954e1ba8571f15f26fa402Q-1024x1024.avif 1024w, https:\/\/teal-lobster-750471.hostingersite.com\/wp-content\/uploads\/2026\/03\/S2351114e01954e1ba8571f15f26fa402Q-150x150.avif 150w, https:\/\/teal-lobster-750471.hostingersite.com\/wp-content\/uploads\/2026\/03\/S2351114e01954e1ba8571f15f26fa402Q-768x768.avif 768w, https:\/\/teal-lobster-750471.hostingersite.com\/wp-content\/uploads\/2026\/03\/S2351114e01954e1ba8571f15f26fa402Q-1536x1536.avif 1536w, https:\/\/teal-lobster-750471.hostingersite.com\/wp-content\/uploads\/2026\/03\/S2351114e01954e1ba8571f15f26fa402Q-12x12.avif 12w, https:\/\/teal-lobster-750471.hostingersite.com\/wp-content\/uploads\/2026\/03\/S2351114e01954e1ba8571f15f26fa402Q-600x600.avif 600w, https:\/\/teal-lobster-750471.hostingersite.com\/wp-content\/uploads\/2026\/03\/S2351114e01954e1ba8571f15f26fa402Q-100x100.avif 100w, https:\/\/teal-lobster-750471.hostingersite.com\/wp-content\/uploads\/2026\/03\/S2351114e01954e1ba8571f15f26fa402Q-50x50.avif 50w, https:\/\/teal-lobster-750471.hostingersite.com\/wp-content\/uploads\/2026\/03\/S2351114e01954e1ba8571f15f26fa402Q-1x1.avif 1w, https:\/\/teal-lobster-750471.hostingersite.com\/wp-content\/uploads\/2026\/03\/S2351114e01954e1ba8571f15f26fa402Q-10x10.avif 10w\" sizes=\"auto, (max-width: 1600px) 100vw, 1600px\" \/><\/p>","protected":false},"excerpt":{"rendered":"<h1 class=\"a-size-base-plus a-text-bold\">Acerca de este art\u00edculo<\/h1>\n<ul class=\"a-unordered-list a-vertical a-spacing-mini\">\n<li class=\"a-spacing-mini\"><span class=\"a-list-item\">\u3010ULTRA-POWERFUL JUMP START PERFORMANCE\u3011Engineered for emergencies, this 5000A Peak Car Battery Jump Starter instantly revives dead batteries in vehicles up to 10.0L gas or 8.0L diesel engines. Perfect for cars, trucks, motorcycles, boats, RVs, and tractors. With a high-performance Force Start Function, even fully drained batteries can be revived in seconds\u2014ideal for extreme temperatures and up to 20 jumps on a single charge.<\/span><\/li>\n<\/ul>","protected":false},"featured_media":13665,"comment_status":"open","ping_status":"closed","template":"","meta":{"_acf_changed":false},"etheme_brands":[],"product_brand":[],"product_cat":[127,118],"product_tag":[],"class_list":{"0":"post-13664","1":"product","2":"type-product","3":"status-publish","4":"has-post-thumbnail","6":"product_cat-dao","7":"product_cat-sale-shop","9":"first","10":"instock","11":"sale","12":"shipping-taxable","13":"purchasable","14":"product-type-simple"},"acf":[],"_links":{"self":[{"href":"https:\/\/unilifess.shop\/es\/wp-json\/wp\/v2\/product\/13664","targetHints":{"allow":["GET"]}}],"collection":[{"href":"https:\/\/unilifess.shop\/es\/wp-json\/wp\/v2\/product"}],"about":[{"href":"https:\/\/unilifess.shop\/es\/wp-json\/wp\/v2\/types\/product"}],"replies":[{"embeddable":true,"href":"https:\/\/unilifess.shop\/es\/wp-json\/wp\/v2\/comments?post=13664"}],"version-history":[{"count":2,"href":"https:\/\/unilifess.shop\/es\/wp-json\/wp\/v2\/product\/13664\/revisions"}],"predecessor-version":[{"id":13667,"href":"https:\/\/unilifess.shop\/es\/wp-json\/wp\/v2\/product\/13664\/revisions\/13667"}],"wp:featuredmedia":[{"embeddable":true,"href":"https:\/\/unilifess.shop\/es\/wp-json\/wp\/v2\/media\/13665"}],"wp:attachment":[{"href":"https:\/\/unilifess.shop\/es\/wp-json\/wp\/v2\/media?parent=13664"}],"wp:term":[{"taxonomy":"brand","embeddable":true,"href":"https:\/\/unilifess.shop\/es\/wp-json\/wp\/v2\/etheme_brands?post=13664"},{"taxonomy":"product_brand","embeddable":true,"href":"https:\/\/unilifess.shop\/es\/wp-json\/wp\/v2\/product_brand?post=13664"},{"taxonomy":"product_cat","embeddable":true,"href":"https:\/\/unilifess.shop\/es\/wp-json\/wp\/v2\/product_cat?post=13664"},{"taxonomy":"product_tag","embeddable":true,"href":"https:\/\/unilifess.shop\/es\/wp-json\/wp\/v2\/product_tag?post=13664"}],"curies":[{"name":"wp","href":"https:\/\/api.w.org\/{rel}","templated":true}]}}